{"id":1094,"date":"2022-06-28T09:36:37","date_gmt":"2022-06-28T07:36:37","guid":{"rendered":"https:\/\/www.josephinegey.de\/josephine_gey\/?page_id=1094"},"modified":"2026-03-26T21:16:48","modified_gmt":"2026-03-26T19:16:48","slug":"josephine-gey-cantienica-instruktorin-und-schauspielerin-aus-koeln","status":"publish","type":"page","link":"https:\/\/www.josephinegey.de\/josephine_gey\/","title":{"rendered":"Josephine Gey-CANTIENICA\u00ae Instruktorin und Schauspielerin aus Grimma, Leipzig, Sachsen, Deutschland."},"content":{"rendered":"<p>[et_pb_section fb_built=&#8220;1&#8243; _builder_version=&#8220;4.17.4&#8243; _module_preset=&#8220;default&#8220; background_color=&#8220;#7a7a7a&#8220; background_image=&#8220;https:\/\/www.josephinegey.de\/josephine_gey\/wp-content\/uploads\/2022\/06\/Josephine-Gey-Cantienica-Schauspielerin-Koeln2-scaled.jpg&#8220; background_position=&#8220;top_right&#8220; background_horizontal_offset=&#8220;0%&#8220; background_vertical_offset=&#8220;0%&#8220; width=&#8220;100%&#8220; max_width=&#8220;100%&#8220; background_color_tablet=&#8220;#f5f4f4&#8243; background_last_edited=&#8220;on|phone&#8220; background_enable_color_tablet=&#8220;on&#8220; background_image_tablet=&#8220;https:\/\/www.josephinegey.de\/josephine_gey\/wp-content\/uploads\/2022\/06\/Josephine-Gey-Cantienica-Schauspielerin-Koeln-mobile.jpg&#8220; background_image_phone=&#8220;https:\/\/www.josephinegey.de\/josephine_gey\/wp-content\/uploads\/2022\/06\/Josephine-Gey-Cantienica-Schauspielerin-Koeln-mobile.jpg&#8220; background_enable_image_tablet=&#8220;on&#8220; background_enable_image_phone=&#8220;on&#8220; background_size_phone=&#8220;cover&#8220; background_horizontal_offset_tablet=&#8220;25%&#8220; background_horizontal_offset_phone=&#8220;22%&#8220; global_colors_info=&#8220;{}&#8220;][et_pb_row disabled_on=&#8220;off|off|on&#8220; _builder_version=&#8220;4.27.6&#8243; _module_preset=&#8220;default&#8220; width=&#8220;100%&#8220; max_width=&#8220;90%&#8220; module_alignment=&#8220;center&#8220; custom_margin=&#8220;||||false|false&#8220; custom_margin_tablet=&#8220;20px||0px||false|false&#8220; custom_margin_phone=&#8220;50px||0px||false|false&#8220; custom_margin_last_edited=&#8220;on|phone&#8220; hover_enabled=&#8220;0&#8243; global_colors_info=&#8220;{}&#8220; sticky_enabled=&#8220;0&#8243; max_width_last_edited=&#8220;on|phone&#8220; max_width_tablet=&#8220;80%&#8220; max_width_phone=&#8220;85%&#8220; custom_padding=&#8220;||0px||false|false&#8220;][et_pb_column type=&#8220;4_4&#8243; _builder_version=&#8220;4.17.4&#8243; _module_preset=&#8220;default&#8220; hover_enabled=&#8220;0&#8243; global_colors_info=&#8220;{}&#8220; sticky_enabled=&#8220;0&#8243;][et_pb_image src=&#8220;https:\/\/www.josephinegey.de\/josephine_gey\/wp-content\/uploads\/2022\/06\/Josephine_Gey_Cantienica-Instruktorin_und_Schauspielerin_Portrait.png&#8220; alt=&#8220;Josephine Gey &#8211; Cantienica Instruktorin und Schauspielerin aus K\u00f6ln&#8220; title_text=&#8220;Josephine_Gey_Cantienica-Instruktorin_und_Schauspielerin_Portrait&#8220; show_bottom_space=&#8220;off&#8220; align=&#8220;center&#8220; _builder_version=&#8220;4.27.6&#8243; _module_preset=&#8220;default&#8220; width=&#8220;100%&#8220; max_width=&#8220;100%&#8220; module_alignment=&#8220;center&#8220; custom_margin_tablet=&#8220;-70px||0px||false|false&#8220; custom_margin_phone=&#8220;-120px||0px||false|false&#8220; custom_margin_last_edited=&#8220;on|tablet&#8220; hover_enabled=&#8220;0&#8243; global_colors_info=&#8220;{}&#8220; sticky_enabled=&#8220;0&#8243;][\/et_pb_image][\/et_pb_column][\/et_pb_row][et_pb_row column_structure=&#8220;1_3,1_3,1_3&#8243; use_custom_gutter=&#8220;on&#8220; gutter_width=&#8220;2&#8243; make_equal=&#8220;on&#8220; custom_padding_last_edited=&#8220;on|phone&#8220; _builder_version=&#8220;4.27.6&#8243; _module_preset=&#8220;default&#8220; width_tablet=&#8220;80%&#8220; width_phone=&#8220;90%&#8220; width_last_edited=&#8220;on|phone&#8220; max_width=&#8220;90%&#8220; max_width_tablet=&#8220;85%&#8220; max_width_phone=&#8220;90%&#8220; max_width_last_edited=&#8220;on|desktop&#8220; module_alignment=&#8220;left&#8220; custom_margin=&#8220;20px||||false|false&#8220; custom_margin_tablet=&#8220;0px||0px||false|false&#8220; custom_margin_phone=&#8220;0px||||false|false&#8220; custom_margin_last_edited=&#8220;on|phone&#8220; custom_padding=&#8220;|||80px|false|false&#8220; custom_padding_tablet=&#8220;0px|||0px|false|false&#8220; custom_padding_phone=&#8220;0px|||0px|false|false&#8220; hover_enabled=&#8220;0&#8243; module_alignment_tablet=&#8220;center&#8220; module_alignment_phone=&#8220;center&#8220; module_alignment_last_edited=&#8220;on|desktop&#8220; global_colors_info=&#8220;{}&#8220; sticky_enabled=&#8220;0&#8243;][et_pb_column type=&#8220;1_3&#8243; _builder_version=&#8220;4.17.4&#8243; _module_preset=&#8220;default&#8220; global_colors_info=&#8220;{}&#8220;][et_pb_text _builder_version=&#8220;4.17.4&#8243; _dynamic_attributes=&#8220;link_option_url&#8220; _module_preset=&#8220;default&#8220; header_font=&#8220;Josefin Sans|600|||||||&#8220; header_3_font=&#8220;Josefin Sans|500|||||||&#8220; header_3_font_size=&#8220;16px&#8220; header_3_line_height=&#8220;1.2em&#8220; header_4_font=&#8220;Josefin Sans|500|||||||&#8220; header_4_font_size=&#8220;14px&#8220; header_6_font=&#8220;Josefin Sans|300|||||||&#8220; header_6_font_size=&#8220;16px&#8220; header_6_line_height=&#8220;1.2em&#8220; background_color=&#8220;#ffffff&#8220; custom_padding=&#8220;40px|40px|40px|40px|false|false&#8220; animation_style=&#8220;slide&#8220; animation_direction=&#8220;bottom&#8220; link_option_url=&#8220;@ET-DC@eyJkeW5hbWljIjp0cnVlLCJjb250ZW50IjoicG9zdF9saW5rX3VybF9wYWdlIiwic2V0dGluZ3MiOnsicG9zdF9pZCI6IjEwMzgifX0=@&#8220; hover_enabled=&#8220;0&#8243; box_shadow_style=&#8220;preset1&#8243; box_shadow_blur=&#8220;50px&#8220; box_shadow_color=&#8220;rgba(255,192,192,0.25)&#8220; global_colors_info=&#8220;{}&#8220; sticky_enabled=&#8220;0&#8243;]<\/p>\n<h1 style=\"text-align: center;\">CANTIENICA\u00ae<\/h1>\n<h3 style=\"text-align: center;\">Kennengelernt habe ich die CANTIENICA\u00ae-Methode 2016, als ich monatelang Schmerzen in der Brustwirbels\u00e4ule hatte, die mich in meiner Arbeit als Schauspielerin einschr\u00e4nkten. Nach 3x CANTIENICA\u00ae Training waren sie weg.<\/h3>\n<h3 style=\"text-align: center;\">Seit 2019 bin ich nun selbst CANTIENICA\u00ae Instruktorin, mit zus\u00e4tzlichem Schwerpunkt auf Schwangerschaft und R\u00fcckbildung.<\/h3>\n<h3 style=\"text-align: center;\"><\/h3>\n<p><span class=\"Apple-converted-space\"><\/span><\/p>\n<h6 style=\"text-align: center;\"><span>I<\/span>ch freue mich \u00fcber jeden, den ich durch dieses Ganzk\u00f6rpertraining zu einem besseren K\u00f6rpergef\u00fchl, einer gesunden Haltung, starken Muskulatur und perfekt ausgerichteten Knochen und so zu Schmerzfreiheit und Sch\u00f6nheit verhelfen kann. Denn genau dabei hilft CANTIENICA\u00ae.\u00a0F\u00fcr mich als Schauspielerin, Frau und Mutter, ist es zu einem essentiellen Tool geworden.<span class=\"Apple-converted-space\">\u00a0<\/span><\/h6>\n<p style=\"text-align: center;\"><span><\/span><\/p>\n<p style=\"text-align: center;\"><span><\/span><\/p>\n<p style=\"text-align: center;\"><span><\/span><\/p>\n<h4 style=\"text-align: center;\"><span style=\"color: #E26262;\"><a href=\"https:\/\/www.josephinegey.de\/josephine_gey\/cantienica\/\" style=\"color: #E26262;\"><b>MEHR ERFAHREN<\/b><\/a><\/span><\/h4>\n<p>[\/et_pb_text][\/et_pb_column][et_pb_column type=&#8220;1_3&#8243; _builder_version=&#8220;4.17.4&#8243; _module_preset=&#8220;default&#8220; global_colors_info=&#8220;{}&#8220;][et_pb_text _builder_version=&#8220;4.17.4&#8243; _dynamic_attributes=&#8220;link_option_url&#8220; _module_preset=&#8220;default&#8220; header_font=&#8220;Josefin Sans|600|||||||&#8220; header_3_font=&#8220;Josefin Sans|500|||||||&#8220; header_3_font_size=&#8220;16px&#8220; header_3_line_height=&#8220;1.2em&#8220; header_4_font=&#8220;Josefin Sans|500|||||||&#8220; header_4_font_size=&#8220;14px&#8220; header_6_font=&#8220;Josefin Sans|300|||||||&#8220; header_6_font_size=&#8220;16px&#8220; header_6_line_height=&#8220;1.2em&#8220; background_color=&#8220;#ffffff&#8220; custom_margin=&#8220;||160px||false|false&#8220; custom_margin_tablet=&#8220;||0px||false|false&#8220; custom_margin_phone=&#8220;||0px||false|false&#8220; custom_margin_last_edited=&#8220;on|desktop&#8220; custom_padding=&#8220;40px|40px|40px|40px|false|false&#8220; custom_padding_tablet=&#8220;40px|40px|40px|40px|false|false&#8220; custom_padding_phone=&#8220;40px|40px|40px|40px|false|false&#8220; custom_padding_last_edited=&#8220;on|desktop&#8220; animation_style=&#8220;slide&#8220; animation_direction=&#8220;bottom&#8220; animation_delay=&#8220;200ms&#8220; link_option_url=&#8220;@ET-DC@eyJkeW5hbWljIjp0cnVlLCJjb250ZW50IjoicG9zdF9saW5rX3VybF9wYWdlIiwic2V0dGluZ3MiOnsicG9zdF9pZCI6IjQxIn19@&#8220; box_shadow_style=&#8220;preset1&#8243; box_shadow_blur=&#8220;50px&#8220; box_shadow_color=&#8220;rgba(255,192,192,0.25)&#8220; global_colors_info=&#8220;{}&#8220;]<\/p>\n<h1 style=\"text-align: center;\">SCHAUSPIEL<\/h1>\n<h3 style=\"text-align: center;\">Auf der B\u00fchne stehe ich, seit ich denken kann. Das professionelle Handwerk lernte ich dann an der Theaterakademie K\u00f6ln<span class=\"Apple-converted-space\">\u00a0<\/span>und bei verschiedenen Lehrern in Deutschland, London und Los Angeles. Irina Miller, Bj\u00f8rn Johnson, Annie Grindlay, Heike Hanold-Lynch und Jordan Beswick, um einige von ihnen zu nennen. Sie haben mich unendlich bereichert.<\/h3>\n<p>&nbsp;<\/p>\n<h6 style=\"text-align: center;\">Ich liebe die B\u00fchne und die N\u00e4he zum Publikum, kann mich aber genauso gut f\u00fcr das Medium \u201eFilm\u201c begeistern, das unheimlich ber\u00fchren und bewegen kann. So (be)lebe ich beides, Theater und Film\/Fernsehen.<\/h6>\n<h6 style=\"text-align: center;\">Begleitet werde ich dabei immer von einem meiner Tools &#8211; der K\u00f6rperarbeit.<\/h6>\n<p><span><\/span><\/p>\n<p><span><\/span><\/p>\n<p style=\"text-align: center;\"><span><\/span><\/p>\n<h4 style=\"text-align: center;\"><span style=\"color: #E26262;\"><a href=\"https:\/\/www.josephinegey.de\/josephine_gey\/showreel\/\" style=\"color: #E26262;\"><b>MEHR ERFAHREN<\/b><\/a><\/span><\/h4>\n<p>[\/et_pb_text][\/et_pb_column][et_pb_column type=&#8220;1_3&#8243; _builder_version=&#8220;4.17.4&#8243; _module_preset=&#8220;default&#8220; global_colors_info=&#8220;{}&#8220;][\/et_pb_column][\/et_pb_row][\/et_pb_section]<\/p>\n","protected":false},"excerpt":{"rendered":"<p>Josephine Gey &#8211; eine erfahrene CANTIENICA\u00ae Instruktorin (Beckenbodentraining, Schwangerschaftsbegleitung, \u2026) und Schauspielerin f\u00fcr Film und B\u00fchne<\/p>\n","protected":false},"author":2,"featured_media":1258,"parent":0,"menu_order":0,"comment_status":"closed","ping_status":"closed","template":"","meta":{"_et_pb_use_builder":"on","_et_pb_old_content":"","_et_gb_content_width":"","footnotes":""},"class_list":["post-1094","page","type-page","status-publish","has-post-thumbnail","hentry"],"_links":{"self":[{"href":"https:\/\/www.josephinegey.de\/josephine_gey\/wp-json\/wp\/v2\/pages\/1094","targetHints":{"allow":["GET"]}}],"collection":[{"href":"https:\/\/www.josephinegey.de\/josephine_gey\/wp-json\/wp\/v2\/pages"}],"about":[{"href":"https:\/\/www.josephinegey.de\/josephine_gey\/wp-json\/wp\/v2\/types\/page"}],"author":[{"embeddable":true,"href":"https:\/\/www.josephinegey.de\/josephine_gey\/wp-json\/wp\/v2\/users\/2"}],"replies":[{"embeddable":true,"href":"https:\/\/www.josephinegey.de\/josephine_gey\/wp-json\/wp\/v2\/comments?post=1094"}],"version-history":[{"count":31,"href":"https:\/\/www.josephinegey.de\/josephine_gey\/wp-json\/wp\/v2\/pages\/1094\/revisions"}],"predecessor-version":[{"id":1790,"href":"https:\/\/www.josephinegey.de\/josephine_gey\/wp-json\/wp\/v2\/pages\/1094\/revisions\/1790"}],"wp:featuredmedia":[{"embeddable":true,"href":"https:\/\/www.josephinegey.de\/josephine_gey\/wp-json\/wp\/v2\/media\/1258"}],"wp:attachment":[{"href":"https:\/\/www.josephinegey.de\/josephine_gey\/wp-json\/wp\/v2\/media?parent=1094"}],"curies":[{"name":"wp","href":"https:\/\/api.w.org\/{rel}","templated":true}]}}