{"id":1739,"date":"2026-01-14T00:02:13","date_gmt":"2026-01-13T22:02:13","guid":{"rendered":"https:\/\/www.josephinegey.de\/josephine_gey\/?page_id=1739"},"modified":"2026-01-29T10:53:24","modified_gmt":"2026-01-29T08:53:24","slug":"datenschutzerklaerung","status":"publish","type":"page","link":"https:\/\/www.josephinegey.de\/josephine_gey\/datenschutzerklaerung\/","title":{"rendered":"Datenschutzerkl\u00e4rung"},"content":{"rendered":"<p>[et_pb_section fb_built=&#8220;1&#8243; admin_label=&#8220;section&#8220; _builder_version=&#8220;4.16&#8243; global_colors_info=&#8220;{}&#8220;][et_pb_row admin_label=&#8220;row&#8220; _builder_version=&#8220;4.16&#8243; background_size=&#8220;initial&#8220; background_position=&#8220;top_left&#8220; background_repeat=&#8220;repeat&#8220; global_colors_info=&#8220;{}&#8220;][et_pb_column type=&#8220;4_4&#8243; _builder_version=&#8220;4.16&#8243; custom_padding=&#8220;|||&#8220; global_colors_info=&#8220;{}&#8220; custom_padding__hover=&#8220;|||&#8220;][et_pb_text admin_label=&#8220;Text&#8220; _builder_version=&#8220;4.27.5&#8243; background_size=&#8220;initial&#8220; background_position=&#8220;top_left&#8220; background_repeat=&#8220;repeat&#8220; global_colors_info=&#8220;{}&#8220;]<\/p>\n<h2>Datenschutzerkl\u00e4rung<\/h2>\n<p>&nbsp;<\/p>\n<p data-start=\"403\" data-end=\"565\"><strong>Verantwortlich f\u00fcr die Datenverarbeitung:<\/strong><br data-start=\"459\" data-end=\"462\" \/>Christoph Gey<br data-start=\"475\" data-end=\"478\" \/>Wacholderring 23<br \/>04668 Grimma<br \/>Deutschland<\/p>\n<p data-start=\"567\" data-end=\"649\"><strong data-start=\"567\" data-end=\"579\">Kontakt:<\/strong><br data-start=\"616\" data-end=\"619\" \/>E-Mail: <span style=\"color: #c000c6;\"><a data-start=\"720\" data-end=\"741\" class=\"decorated-link cursor-pointer\" rel=\"noopener\" style=\"color: #c000c6;\">legal@christoph-gey.de<\/a><\/span><a data-start=\"627\" data-end=\"647\" class=\"decorated-link cursor-pointer\" rel=\"noopener\"><span aria-hidden=\"true\" class=\"ms-0.5 inline-block align-middle leading-none\"><svg xmlns=\"http:\/\/www.w3.org\/2000\/svg\" width=\"20\" height=\"20\" aria-hidden=\"true\" data-rtl-flip=\"\" class=\"block h-[0.75em] w-[0.75em] stroke-current stroke-[0.75]\"><use href=\"\/cdn\/assets\/sprites-core-jtokmzgv.svg#304883\" fill=\"currentColor\"><\/use><\/svg><\/span><\/a><\/p>\n<h3 data-start=\"803\" data-end=\"829\"><strong data-start=\"806\" data-end=\"829\"><\/strong><\/h3>\n<h3 data-start=\"803\" data-end=\"829\"><strong data-start=\"806\" data-end=\"829\"><\/strong><\/h3>\n<h3 data-start=\"803\" data-end=\"829\"><strong data-start=\"806\" data-end=\"829\"><\/strong><\/h3>\n<h3 data-start=\"803\" data-end=\"829\"><strong data-start=\"806\" data-end=\"829\"><\/strong><\/h3>\n<h3 data-start=\"803\" data-end=\"829\"><strong data-start=\"806\" data-end=\"829\"><\/strong><\/h3>\n<h3 data-start=\"571\" data-end=\"600\"><strong>1. Allgemeine Hinweise<\/strong><\/h3>\n<p data-start=\"602\" data-end=\"820\">Der Schutz Ihrer pers\u00f6nlichen Daten ist uns wichtig. Mit dieser Datenschutzerkl\u00e4rung informieren wir Sie \u00fcber die Art, den Umfang und den Zweck der Erhebung und Verwendung personenbezogener Daten auf unserer Website.<\/p>\n<p data-start=\"822\" data-end=\"970\">Die Verarbeitung erfolgt gem\u00e4\u00df der <strong data-start=\"857\" data-end=\"896\">Datenschutz-Grundverordnung (DSGVO)<\/strong>, dem <strong data-start=\"902\" data-end=\"928\">Telemediengesetz (TMG)<\/strong> sowie weiteren relevanten Vorschriften.<\/p>\n<hr data-start=\"972\" data-end=\"975\" \/>\n<h3 data-start=\"977\" data-end=\"1014\"><strong><\/strong><\/h3>\n<h3 data-start=\"977\" data-end=\"1014\"><strong><\/strong><\/h3>\n<h3 data-start=\"977\" data-end=\"1014\"><strong><\/strong><\/h3>\n<h3 data-start=\"977\" data-end=\"1014\"><strong>2. Erfassung allgemeiner Daten<\/strong><\/h3>\n<p data-start=\"1016\" data-end=\"1396\">Beim Besuch unserer Website werden automatisch Informationen \u00fcber Ihr Endger\u00e4t, den Browser, die IP-Adresse, Datum und Uhrzeit des Zugriffs sowie die aufgerufenen Seiten erfasst. Diese Daten dienen ausschlie\u00dflich <strong data-start=\"1229\" data-end=\"1252\">technischen Zwecken <\/strong>(z.\u202fB. Serverbetrieb, Sicherheit, Optimierung der Website) und werden <strong data-start=\"1323\" data-end=\"1393\">nicht ohne Ihre Einwilligung mit personenbezogenen Daten verkn\u00fcpft<\/strong>.<\/p>\n<p data-start=\"1398\" data-end=\"1523\">Rechtsgrundlage: Art.\u202f6 Abs.\u202f1 lit.\u202ff DSGVO (berechtigtes Interesse an ordnungsgem\u00e4\u00dfem Betrieb und Sicherheit der Website).<\/p>\n<hr data-start=\"1525\" data-end=\"1528\" \/>\n<h3 data-start=\"1530\" data-end=\"1562\"><strong><\/strong><\/h3>\n<h3 data-start=\"1530\" data-end=\"1562\"><strong><\/strong><\/h3>\n<h3 data-start=\"1530\" data-end=\"1562\"><strong><\/strong><\/h3>\n<h3 data-start=\"1530\" data-end=\"1562\"><strong>3. Cookies &amp; Einwilligung<\/strong><\/h3>\n<p data-start=\"1564\" data-end=\"1693\">Unsere Website verwendet Cookies. Cookies sind kleine Textdateien, die auf Ihrem Ger\u00e4t gespeichert werden. Sie dienen u.\u202fa. dazu:<\/p>\n<ul data-start=\"1695\" data-end=\"1833\">\n<li data-start=\"1695\" data-end=\"1757\">\n<p data-start=\"1697\" data-end=\"1757\">die Nutzung der Website zu analysieren (Google Analytics),<\/p>\n<\/li>\n<li data-start=\"1758\" data-end=\"1803\">\n<p data-start=\"1760\" data-end=\"1803\">die Website-Funktionalit\u00e4t zu verbessern,<\/p>\n<\/li>\n<li data-start=\"1804\" data-end=\"1833\">\n<p data-start=\"1806\" data-end=\"1833\">Pr\u00e4ferenzen zu speichern.<\/p>\n<\/li>\n<\/ul>\n<p data-start=\"1835\" data-end=\"2043\"><strong data-start=\"1835\" data-end=\"1847\">Hinweis:<\/strong> Die meisten Cookies erfordern Ihre <strong data-start=\"1883\" data-end=\"1909\">vorherige Einwilligung<\/strong> \u00fcber unser <strong data-start=\"1921\" data-end=\"1938\">Cookie-Banner<\/strong>. Sie k\u00f6nnen Cookies jederzeit \u00fcber Ihre Browsereinstellungen l\u00f6schen oder die Einwilligung widerrufen.<\/p>\n<hr data-start=\"2045\" data-end=\"2048\" \/>\n<h3 data-start=\"2050\" data-end=\"2076\"><strong><\/strong><\/h3>\n<h3 data-start=\"2050\" data-end=\"2076\"><strong><\/strong><\/h3>\n<h3 data-start=\"2050\" data-end=\"2076\"><strong><\/strong><\/h3>\n<h3 data-start=\"2050\" data-end=\"2076\"><strong>4. Google Analytics<\/strong><\/h3>\n<p data-start=\"2078\" data-end=\"2234\">Diese Website nutzt <strong data-start=\"2098\" data-end=\"2118\">Google Analytics<\/strong>, einen Webanalysedienst der <strong data-start=\"2147\" data-end=\"2220\">Google Ireland Limited, Gordon House, Barrow Street, Dublin 4, Irland<\/strong> (\u201eGoogle\u201c).<\/p>\n<ul data-start=\"2236\" data-end=\"3134\">\n<li data-start=\"2236\" data-end=\"2346\">\n<p data-start=\"2238\" data-end=\"2346\"><strong data-start=\"2238\" data-end=\"2248\">Zweck:<\/strong> Analyse der Website-Nutzung, Erstellung von Reports, Verbesserung unserer Inhalte und Services.<\/p>\n<\/li>\n<li data-start=\"2347\" data-end=\"2501\">\n<p data-start=\"2349\" data-end=\"2501\"><strong data-start=\"2349\" data-end=\"2359\">Daten:<\/strong> Google Analytics verarbeitet u.\u202fa. <strong data-start=\"2395\" data-end=\"2498\">IP-Adresse (anonymisiert), aufgerufene Seiten, Aufenthaltsdauer, technische Informationen zum Ger\u00e4t<\/strong>.<\/p>\n<\/li>\n<li data-start=\"2502\" data-end=\"2636\">\n<p data-start=\"2504\" data-end=\"2636\"><strong data-start=\"2504\" data-end=\"2526\">IP-Anonymisierung:<\/strong> Wir haben die Funktion <code data-start=\"2550\" data-end=\"2565\">anonymizeIP()<\/code> aktiviert, sodass Ihre IP-Adresse innerhalb der EU\/EWR gek\u00fcrzt wird.<\/p>\n<\/li>\n<li data-start=\"2637\" data-end=\"2732\">\n<p data-start=\"2639\" data-end=\"2732\"><strong data-start=\"2639\" data-end=\"2659\">Rechtsgrundlage:<\/strong> Art.\u202f6 Abs.\u202f1 lit.\u202fa DSGVO (Ihre Einwilligung \u00fcber das Cookie-Banner).<\/p>\n<\/li>\n<li data-start=\"2733\" data-end=\"2943\">\n<p data-start=\"2735\" data-end=\"2943\"><strong data-start=\"2735\" data-end=\"2759\">Widerspruch\/Opt-Out:<\/strong> Sie k\u00f6nnen die Analyse jederzeit \u00fcber das Cookie-Banner oder \u00fcber das <a data-start=\"2830\" data-end=\"2927\" rel=\"noopener\" target=\"_new\" class=\"decorated-link\" href=\"https:\/\/tools.google.com\/dlpage\/gaoptout\">Browser-Add-on zur Deaktivierung von Google Analytics<span aria-hidden=\"true\" class=\"ms-0.5 inline-block align-middle leading-none\"><svg xmlns=\"http:\/\/www.w3.org\/2000\/svg\" width=\"20\" height=\"20\" aria-hidden=\"true\" data-rtl-flip=\"\" class=\"block h-[0.75em] w-[0.75em] stroke-current stroke-[0.75]\"><use href=\"\/cdn\/assets\/sprites-core-jtokmzgv.svg#304883\" fill=\"currentColor\"><\/use><\/svg><\/span><\/a> deaktivieren.<\/p>\n<\/li>\n<li data-start=\"2944\" data-end=\"3134\">\n<p data-start=\"2946\" data-end=\"3134\"><strong data-start=\"2946\" data-end=\"2982\">Daten\u00fcbertragung in Drittl\u00e4nder:<\/strong> Daten werden ggf. in die USA \u00fcbertragen. Google verpflichtet sich zum <strong data-start=\"3053\" data-end=\"3085\">EU-US Data Privacy Framework<\/strong>, um angemessenen Datenschutz zu gew\u00e4hrleisten.<\/p>\n<\/li>\n<\/ul>\n<hr data-start=\"3136\" data-end=\"3139\" \/>\n<h3 data-start=\"3141\" data-end=\"3183\"><strong><\/strong><\/h3>\n<h3 data-start=\"3141\" data-end=\"3183\"><strong><\/strong><\/h3>\n<h3 data-start=\"3141\" data-end=\"3183\"><strong><\/strong><\/h3>\n<h3 data-start=\"3141\" data-end=\"3183\"><strong>5. Kontaktformular &amp; E-Mail-Kontakt<\/strong><\/h3>\n<p data-start=\"3185\" data-end=\"3394\">Wenn Sie uns per <strong data-start=\"3202\" data-end=\"3221\">Kontaktformular<\/strong> oder E-Mail kontaktieren, werden Ihre Angaben (z.\u202fB. Name, E-Mail-Adresse, Nachricht) <strong data-start=\"3308\" data-end=\"3322\">freiwillig<\/strong> erhoben, gespeichert und nur zur Bearbeitung Ihrer Anfrage verwendet.<\/p>\n<p data-start=\"3396\" data-end=\"3543\">Rechtsgrundlage: Art.\u202f6 Abs.\u202f1 lit.\u202fa DSGVO (Einwilligung) bzw. Art.\u202f6 Abs.\u202f1 lit.\u202ff DSGVO (berechtigtes Interesse an Bearbeitung Ihrer Anfrage).<\/p>\n<hr data-start=\"3545\" data-end=\"3548\" \/>\n<h3 data-start=\"3550\" data-end=\"3604\"><strong><\/strong><\/h3>\n<h3 data-start=\"3550\" data-end=\"3604\"><strong><\/strong><\/h3>\n<h3 data-start=\"3550\" data-end=\"3604\"><strong><\/strong><\/h3>\n<h3 data-start=\"3550\" data-end=\"3604\"><strong>6. Social Media &amp; Einbindung externer Dienste<\/strong><\/h3>\n<p data-start=\"3606\" data-end=\"3840\">Sofern auf der Website Social-Media-Plugins eingebunden werden (z.\u202fB. Instagram, Facebook), werden Daten erst <strong data-start=\"3716\" data-end=\"3764\">\u00fcbermittelt, wenn Sie auf das Plugin klicken<\/strong> (\u201e2-Klick-L\u00f6sung\u201c) oder Ihre Einwilligung \u00fcber das Cookie-Banner erfolgt.<\/p>\n<p data-start=\"3842\" data-end=\"3989\">Zweck: Darstellung von Social-Media-Inhalten, Einbindung von Like\/Share-Funktionen.<br data-start=\"3925\" data-end=\"3928\" \/>Rechtsgrundlage: Art.\u202f6 Abs.\u202f1 lit.\u202fa DSGVO (Einwilligung).<\/p>\n<hr data-start=\"3991\" data-end=\"3994\" \/>\n<h3 data-start=\"3996\" data-end=\"4019\"><strong><\/strong><\/h3>\n<h3 data-start=\"3996\" data-end=\"4019\"><strong><\/strong><\/h3>\n<h3 data-start=\"3996\" data-end=\"4019\"><strong><\/strong><\/h3>\n<h3 data-start=\"3996\" data-end=\"4019\"><strong>7. Speicherdauer<\/strong><\/h3>\n<p data-start=\"4021\" data-end=\"4222\">Personenbezogene Daten werden nur so lange gespeichert, wie dies f\u00fcr den jeweiligen Zweck erforderlich ist, es sei denn, gesetzliche Aufbewahrungspflichten bestehen (z.\u202fB. steuerrechtliche Vorgaben).<\/p>\n<hr data-start=\"4224\" data-end=\"4227\" \/>\n<h3 data-start=\"4229\" data-end=\"4250\"><strong><\/strong><\/h3>\n<h3 data-start=\"4229\" data-end=\"4250\"><strong><\/strong><\/h3>\n<h3 data-start=\"4229\" data-end=\"4250\"><strong><\/strong><\/h3>\n<h3 data-start=\"4229\" data-end=\"4250\"><strong>8. Ihre Rechte<\/strong><\/h3>\n<p data-start=\"4252\" data-end=\"4291\">Sie haben nach DSGVO folgende Rechte:<\/p>\n<ol data-start=\"4293\" data-end=\"4804\">\n<li data-start=\"4293\" data-end=\"4361\">\n<p data-start=\"4296\" data-end=\"4361\"><strong data-start=\"4296\" data-end=\"4314\">Auskunftsrecht<\/strong> \u00fcber die gespeicherten Daten (Art. 15 DSGVO)<\/p>\n<\/li>\n<li data-start=\"4362\" data-end=\"4427\">\n<p data-start=\"4365\" data-end=\"4427\"><strong data-start=\"4365\" data-end=\"4387\">Berichtigungsrecht<\/strong> bei unrichtigen Daten (Art. 16 DSGVO)<\/p>\n<\/li>\n<li data-start=\"4428\" data-end=\"4497\">\n<p data-start=\"4431\" data-end=\"4497\"><strong data-start=\"4431\" data-end=\"4449\">L\u00f6schungsrecht<\/strong> (\u201eRecht auf Vergessenwerden\u201c) (Art. 17 DSGVO)<\/p>\n<\/li>\n<li data-start=\"4498\" data-end=\"4563\">\n<p data-start=\"4501\" data-end=\"4563\"><strong data-start=\"4501\" data-end=\"4545\">Recht auf Einschr\u00e4nkung der Verarbeitung<\/strong> (Art. 18 DSGVO)<\/p>\n<\/li>\n<li data-start=\"4564\" data-end=\"4609\">\n<p data-start=\"4567\" data-end=\"4609\"><strong data-start=\"4567\" data-end=\"4591\">Daten\u00fcbertragbarkeit<\/strong> (Art. 20 DSGVO)<\/p>\n<\/li>\n<li data-start=\"4610\" data-end=\"4671\">\n<p data-start=\"4613\" data-end=\"4671\"><strong data-start=\"4613\" data-end=\"4634\">Widerspruchsrecht<\/strong> gegen Verarbeitung (Art. 21 DSGVO)<\/p>\n<\/li>\n<li data-start=\"4672\" data-end=\"4738\">\n<p data-start=\"4675\" data-end=\"4738\"><strong data-start=\"4675\" data-end=\"4704\">Widerruf der Einwilligung<\/strong> jederzeit (Art. 7 Abs. 3 DSGVO)<\/p>\n<\/li>\n<li data-start=\"4739\" data-end=\"4804\">\n<p data-start=\"4742\" data-end=\"4804\"><strong data-start=\"4742\" data-end=\"4786\">Beschwerderecht bei der Aufsichtsbeh\u00f6rde<\/strong> (Art. 77 DSGVO)<\/p>\n<\/li>\n<\/ol>\n<p data-start=\"4806\" data-end=\"4908\">Zur Aus\u00fcbung Ihrer Rechte k\u00f6nnen Sie uns jederzeit <strong data-start=\"4857\" data-end=\"4871\">per E-Mail<\/strong> kontaktieren: gey-design@gmx.de<a data-start=\"4886\" data-end=\"4906\" class=\"decorated-link cursor-pointer\" rel=\"noopener\"><span aria-hidden=\"true\" class=\"ms-0.5 inline-block align-middle leading-none\"><svg xmlns=\"http:\/\/www.w3.org\/2000\/svg\" width=\"20\" height=\"20\" aria-hidden=\"true\" data-rtl-flip=\"\" class=\"block h-[0.75em] w-[0.75em] stroke-current stroke-[0.75]\"><use href=\"\/cdn\/assets\/sprites-core-jtokmzgv.svg#304883\" fill=\"currentColor\"><\/use><\/svg><\/span><\/a><\/p>\n<hr data-start=\"4910\" data-end=\"4913\" \/>\n<h3 data-start=\"4915\" data-end=\"4960\"><strong><\/strong><\/h3>\n<h3 data-start=\"4915\" data-end=\"4960\"><strong><\/strong><\/h3>\n<h3 data-start=\"4915\" data-end=\"4960\"><strong><\/strong><\/h3>\n<h3 data-start=\"4915\" data-end=\"4960\"><strong>9. \u00c4nderungen der Datenschutzerkl\u00e4rung<\/strong><\/h3>\n<p data-start=\"4962\" data-end=\"5138\">Wir behalten uns vor, diese Datenschutzerkl\u00e4rung <strong data-start=\"5011\" data-end=\"5036\">regelm\u00e4\u00dfig anzupassen<\/strong>, um sie stets aktuell zu halten und \u00c4nderungen rechtlicher oder technischer Art zu ber\u00fccksichtigen.<\/p>\n<p>[\/et_pb_text][\/et_pb_column][\/et_pb_row][\/et_pb_section]<\/p>\n","protected":false},"excerpt":{"rendered":"<p>Datenschutzerkl\u00e4rung &nbsp; Verantwortlich f\u00fcr die Datenverarbeitung:Christoph GeyWacholderring 2304668 GrimmaDeutschland Kontakt:E-Mail: legal@christoph-gey.de 1. Allgemeine Hinweise Der Schutz Ihrer pers\u00f6nlichen Daten ist uns wichtig. Mit dieser Datenschutzerkl\u00e4rung informieren wir Sie \u00fcber die Art, den Umfang und den Zweck der Erhebung und Verwendung personenbezogener Daten auf unserer Website. Die Verarbeitung erfolgt gem\u00e4\u00df der Datenschutz-Grundverordnung (DSGVO), dem Telemediengesetz (TMG) [&hellip;]<\/p>\n","protected":false},"author":2,"featured_media":0,"parent":0,"menu_order":0,"comment_status":"closed","ping_status":"closed","template":"","meta":{"_et_pb_use_builder":"on","_et_pb_old_content":"","_et_gb_content_width":"","footnotes":""},"class_list":["post-1739","page","type-page","status-publish","hentry"],"_links":{"self":[{"href":"https:\/\/www.josephinegey.de\/josephine_gey\/wp-json\/wp\/v2\/pages\/1739","targetHints":{"allow":["GET"]}}],"collection":[{"href":"https:\/\/www.josephinegey.de\/josephine_gey\/wp-json\/wp\/v2\/pages"}],"about":[{"href":"https:\/\/www.josephinegey.de\/josephine_gey\/wp-json\/wp\/v2\/types\/page"}],"author":[{"embeddable":true,"href":"https:\/\/www.josephinegey.de\/josephine_gey\/wp-json\/wp\/v2\/users\/2"}],"replies":[{"embeddable":true,"href":"https:\/\/www.josephinegey.de\/josephine_gey\/wp-json\/wp\/v2\/comments?post=1739"}],"version-history":[{"count":4,"href":"https:\/\/www.josephinegey.de\/josephine_gey\/wp-json\/wp\/v2\/pages\/1739\/revisions"}],"predecessor-version":[{"id":1752,"href":"https:\/\/www.josephinegey.de\/josephine_gey\/wp-json\/wp\/v2\/pages\/1739\/revisions\/1752"}],"wp:attachment":[{"href":"https:\/\/www.josephinegey.de\/josephine_gey\/wp-json\/wp\/v2\/media?parent=1739"}],"curies":[{"name":"wp","href":"https:\/\/api.w.org\/{rel}","templated":true}]}}